{"id":763,"date":"2024-02-07T16:07:16","date_gmt":"2024-02-07T15:07:16","guid":{"rendered":"https:\/\/www.sluchatko.com\/?page_id=763"},"modified":"2024-02-08T15:37:01","modified_gmt":"2024-02-08T14:37:01","slug":"archiv","status":"publish","type":"page","link":"https:\/\/www.sluchatko.com\/?page_id=763","title":{"rendered":"Archiv"},"content":{"rendered":"<h6>Chcete se pod\u00edvat na vzpom\u00ednky ze star\u0161\u00edch t\u00e1bor\u016f?<\/h6>\n<p><a href=\"https:\/\/www.sluchatko.com\/sluchatko-2022\/\">T\u00e1bor 2022<\/a><\/p>\n<p><a href=\"http:\/\/archiv.sluchatko.com\">Je\u0161t\u011b star\u0161\u00ed t\u00e1bory<\/a><\/p>\n","protected":false},"excerpt":{"rendered":"<p>Chcete se pod\u00edvat na vzpom\u00ednky ze star\u0161\u00edch t\u00e1bor\u016f? T\u00e1bor 2022 [&hellip;]<\/p>\n","protected":false},"author":2,"featured_media":0,"parent":0,"menu_order":0,"comment_status":"closed","ping_status":"closed","template":"","meta":{"inline_featured_image":false,"footnotes":""},"class_list":["post-763","page","type-page","status-publish","hentry"],"_links":{"self":[{"href":"https:\/\/www.sluchatko.com\/index.php?rest_route=\/wp\/v2\/pages\/763","targetHints":{"allow":["GET"]}}],"collection":[{"href":"https:\/\/www.sluchatko.com\/index.php?rest_route=\/wp\/v2\/pages"}],"about":[{"href":"https:\/\/www.sluchatko.com\/index.php?rest_route=\/wp\/v2\/types\/page"}],"author":[{"embeddable":true,"href":"https:\/\/www.sluchatko.com\/index.php?rest_route=\/wp\/v2\/users\/2"}],"replies":[{"embeddable":true,"href":"https:\/\/www.sluchatko.com\/index.php?rest_route=%2Fwp%2Fv2%2Fcomments&post=763"}],"version-history":[{"count":3,"href":"https:\/\/www.sluchatko.com\/index.php?rest_route=\/wp\/v2\/pages\/763\/revisions"}],"predecessor-version":[{"id":789,"href":"https:\/\/www.sluchatko.com\/index.php?rest_route=\/wp\/v2\/pages\/763\/revisions\/789"}],"wp:attachment":[{"href":"https:\/\/www.sluchatko.com\/index.php?rest_route=%2Fwp%2Fv2%2Fmedia&parent=763"}],"curies":[{"name":"wp","href":"https:\/\/api.w.org\/{rel}","templated":true}]}}