{"id":37,"date":"2022-02-01T15:58:27","date_gmt":"2022-02-01T14:58:27","guid":{"rendered":"https:\/\/www.sluchatko.com\/?page_id=37"},"modified":"2025-01-26T12:21:27","modified_gmt":"2025-01-26T11:21:27","slug":"kontakt","status":"publish","type":"page","link":"https:\/\/www.sluchatko.com\/?page_id=37","title":{"rendered":"Kontakt"},"content":{"rendered":"<div class=\"fusion-fullwidth fullwidth-box fusion-builder-row-1 fusion-flex-container nonhundred-percent-fullwidth non-hundred-percent-height-scrolling\" style=\"background-color: rgba(255,255,255,0);background-position: center center;background-repeat: no-repeat;border-width: 0px 0px 0px 0px;border-color:var(--awb-color3);border-style:solid;\" ><div class=\"fusion-builder-row fusion-row fusion-flex-align-items-flex-start\" style=\"max-width:1248px;margin-left: calc(-4% \/ 2 );margin-right: calc(-4% \/ 2 );\"><div class=\"fusion-layout-column fusion_builder_column fusion-builder-column-0 fusion_builder_column_1_1 1_1 fusion-flex-column\"><div class=\"fusion-column-wrapper fusion-flex-justify-content-flex-start fusion-content-layout-column\" style=\"background-position:left top;background-repeat:no-repeat;-webkit-background-size:cover;-moz-background-size:cover;-o-background-size:cover;background-size:cover;padding: 0px 0px 0px 0px;\"><div class=\"fusion-text fusion-text-1\" style=\"text-align:center;\"><p>Letn\u00ed sluch\u00e1tkov\u00fd t\u00e1bor po\u0159\u00e1d\u00e1 Z\u00e1kladn\u00ed \u0161kola a mate\u0159sk\u00e1 \u0161kola \u0160eberov ve spolupr\u00e1ci se spolkem Sluch\u00e1tko, z.s.<\/p>\n<p>Letn\u00ed t\u00e1bory a akce pro d\u011bti: <strong><a href=\"mailto:reditel@skolaseberov.cz\">reditel@skolaseberov.cz;<\/a>\u00a0<\/strong><strong> <a href=\"mailto:luka@sluchatko.com\">luka@sluchatko.com<\/a><\/strong><\/p>\n<p>Kou\u010dov\u00e1n\u00ed, lektorov\u00e1n\u00ed, poradenstv\u00ed: <strong><a href=\"mailto:kouc@jiriluka.cz\">kouc@jiriluka.cz<\/a><\/strong><\/p>\n<p>Telefonick\u00fd kontakt: <strong><a href=\"tel:+420725246206\">+420 725 246 206<\/a><\/strong><\/p>\n<\/div><\/div><style type=\"text\/css\">.fusion-body .fusion-builder-column-0{width:100% !important;margin-top : 0px;margin-bottom : 20px;}.fusion-builder-column-0 > .fusion-column-wrapper {padding-top : 0px !important;padding-right : 0px !important;margin-right : 1.92%;padding-bottom : 0px !important;padding-left : 0px !important;margin-left : 1.92%;}@media only screen and (max-width:1024px) {.fusion-body .fusion-builder-column-0{width:100% !important;order : 0;}.fusion-builder-column-0 > .fusion-column-wrapper {margin-right : 1.92%;margin-left : 1.92%;}}@media only screen and (max-width:640px) {.fusion-body .fusion-builder-column-0{width:100% !important;order : 0;}.fusion-builder-column-0 > .fusion-column-wrapper {margin-right : 1.92%;margin-left : 1.92%;}}<\/style><\/div><\/div><style type=\"text\/css\">.fusion-body .fusion-flex-container.fusion-builder-row-1{ padding-top : 0px;margin-top : 0px;padding-right : 0px;padding-bottom : 0px;margin-bottom : 0px;padding-left : 0px;}<\/style><\/div>\n","protected":false},"excerpt":{"rendered":"","protected":false},"author":1,"featured_media":0,"parent":0,"menu_order":4,"comment_status":"closed","ping_status":"closed","template":"","meta":{"inline_featured_image":false,"footnotes":""},"class_list":["post-37","page","type-page","status-publish","hentry"],"_links":{"self":[{"href":"https:\/\/www.sluchatko.com\/index.php?rest_route=\/wp\/v2\/pages\/37","targetHints":{"allow":["GET"]}}],"collection":[{"href":"https:\/\/www.sluchatko.com\/index.php?rest_route=\/wp\/v2\/pages"}],"about":[{"href":"https:\/\/www.sluchatko.com\/index.php?rest_route=\/wp\/v2\/types\/page"}],"author":[{"embeddable":true,"href":"https:\/\/www.sluchatko.com\/index.php?rest_route=\/wp\/v2\/users\/1"}],"replies":[{"embeddable":true,"href":"https:\/\/www.sluchatko.com\/index.php?rest_route=%2Fwp%2Fv2%2Fcomments&post=37"}],"version-history":[{"count":6,"href":"https:\/\/www.sluchatko.com\/index.php?rest_route=\/wp\/v2\/pages\/37\/revisions"}],"predecessor-version":[{"id":955,"href":"https:\/\/www.sluchatko.com\/index.php?rest_route=\/wp\/v2\/pages\/37\/revisions\/955"}],"wp:attachment":[{"href":"https:\/\/www.sluchatko.com\/index.php?rest_route=%2Fwp%2Fv2%2Fmedia&parent=37"}],"curies":[{"name":"wp","href":"https:\/\/api.w.org\/{rel}","templated":true}]}}