{"id":35,"date":"2022-02-01T15:58:18","date_gmt":"2022-02-01T14:58:18","guid":{"rendered":"https:\/\/www.sluchatko.com\/?page_id=35"},"modified":"2025-11-29T15:01:21","modified_gmt":"2025-11-29T14:01:21","slug":"nas-tym","status":"publish","type":"page","link":"https:\/\/www.sluchatko.com\/?page_id=35","title":{"rendered":"N\u00e1\u0161 t\u00fdm"},"content":{"rendered":"<div class=\"fusion-fullwidth fullwidth-box fusion-builder-row-1 fusion-flex-container nonhundred-percent-fullwidth non-hundred-percent-height-scrolling\" style=\"background-color: rgba(255,255,255,0);background-position: center center;background-repeat: no-repeat;border-width: 0px 0px 0px 0px;border-color:var(--awb-color3);border-style:solid;\" ><div class=\"fusion-builder-row fusion-row fusion-flex-align-items-flex-start\" style=\"max-width:1248px;margin-left: calc(-4% \/ 2 );margin-right: calc(-4% \/ 2 );\"><div class=\"fusion-layout-column fusion_builder_column fusion-builder-column-0 fusion_builder_column_1_1 1_1 fusion-flex-column\"><div class=\"fusion-column-wrapper fusion-flex-justify-content-flex-start fusion-content-layout-column\" style=\"background-position:left top;background-repeat:no-repeat;-webkit-background-size:cover;-moz-background-size:cover;-o-background-size:cover;background-size:cover;padding: 0px 0px 0px 0px;\"><div class=\"fusion-text fusion-text-1\"><p>T\u00fdm po\u0159\u00e1daj\u00edc\u00ed &#8222;sluch\u00e1tkov\u00e9&#8220; t\u00e1bory se pohybuje kolem Jirky Luky, kter\u00fd v roce 2025 po\u0159\u00e1d\u00e1 ji\u017e 36. ro\u010dn\u00edk t\u00e1bora.<\/p>\n<p>V\u0161echny pr\u00e1ce s d\u011btmi bav\u00ed, u\u017e\u00edvaj\u00ed si ji a na t\u00e1borech jsou pro d\u011bti!<\/p>\n<\/div><style type=\"text\/css\">@media only screen and (max-width:1024px) {.fusion-title.fusion-title-1{margin-top:10px!important; margin-right:0px!important;margin-bottom:15px!important;margin-left:0px!important;}}@media only screen and (max-width:640px) {.fusion-title.fusion-title-1{margin-top:10px!important; margin-right:0px!important;margin-bottom:10px!important; margin-left:0px!important;}}<\/style><div class=\"fusion-title title fusion-title-1 fusion-sep-none fusion-title-text fusion-title-size-three\" style=\"margin-top:10px;margin-right:0px;margin-bottom:15px;margin-left:0px;\"><h3 class=\"title-heading-left\" style=\"margin:0;\">2025 team<\/h3><\/div><div class=\"fusion-text fusion-text-2\"><p style=\"font-weight: 400;\"><strong>Jirka<\/strong>\u00a0&#8211; hlavn\u00ed vedouc\u00ed<\/p>\n<p style=\"font-weight: 400;\"><strong>Ver\u010da<\/strong> &#8211; z\u00e1stupkyn\u011b hlavn\u00edho vedouc\u00edho<\/p>\n<p><strong>Katka<\/strong> &#8211; odd\u00edlov\u00e1 vedouc\u00ed<\/p>\n<p><strong>Mar\u0165an<\/strong> &#8211; odd\u00edlov\u00fd vedouc\u00ed<\/p>\n<p><strong>Ondra<\/strong> &#8211; odd\u00edlov\u00fd vedouc\u00ed<\/p>\n<p><strong>Sim\u010da<\/strong> &#8211; odd\u00edlov\u00e1 vedouc\u00ed<\/p>\n<p><strong>Eva<\/strong> &#8211; zdravotnice<\/p>\n<\/div><div class=\"fusion-separator fusion-full-width-sep\" style=\"align-self: center;margin-left: auto;margin-right: auto;margin-top:10px;margin-bottom:10px;width:100%;\"><\/div><div ><span class=\" fusion-imageframe imageframe-none imageframe-1 hover-type-none\"><img decoding=\"async\" width=\"2048\" height=\"1152\" title=\"t\u00fdm_2025\" src=\"https:\/\/www.sluchatko.com\/files\/uploads\/2025\/11\/tym_2025.jpg\" data-orig-src=\"https:\/\/www.sluchatko.com\/files\/uploads\/2025\/11\/tym_2025.jpg\" alt class=\"lazyload img-responsive wp-image-1001\" srcset=\"data:image\/svg+xml,%3Csvg%20xmlns%3D%27http%3A%2F%2Fwww.w3.org%2F2000%2Fsvg%27%20width%3D%272048%27%20height%3D%271152%27%20viewBox%3D%270%200%202048%201152%27%3E%3Crect%20width%3D%272048%27%20height%3D%271152%27%20fill-opacity%3D%220%22%2F%3E%3C%2Fsvg%3E\" data-srcset=\"https:\/\/www.sluchatko.com\/files\/uploads\/2025\/11\/tym_2025-200x113.jpg 200w, https:\/\/www.sluchatko.com\/files\/uploads\/2025\/11\/tym_2025-400x225.jpg 400w, https:\/\/www.sluchatko.com\/files\/uploads\/2025\/11\/tym_2025-600x338.jpg 600w, https:\/\/www.sluchatko.com\/files\/uploads\/2025\/11\/tym_2025-800x450.jpg 800w, https:\/\/www.sluchatko.com\/files\/uploads\/2025\/11\/tym_2025-1200x675.jpg 1200w, https:\/\/www.sluchatko.com\/files\/uploads\/2025\/11\/tym_2025.jpg 2048w\" data-sizes=\"auto\" data-orig-sizes=\"(max-width: 640px) 100vw, 1200px\" \/><\/span><\/div><div ><span class=\" fusion-imageframe imageframe-none imageframe-2 hover-type-none\"><img decoding=\"async\" width=\"950\" height=\"716\" title=\"tem_22_01\" src=\"https:\/\/www.sluchatko.com\/files\/uploads\/2022\/07\/tem_22_01.png\" data-orig-src=\"https:\/\/www.sluchatko.com\/files\/uploads\/2022\/07\/tem_22_01.png\" alt class=\"lazyload img-responsive wp-image-488\" srcset=\"data:image\/svg+xml,%3Csvg%20xmlns%3D%27http%3A%2F%2Fwww.w3.org%2F2000%2Fsvg%27%20width%3D%27950%27%20height%3D%27716%27%20viewBox%3D%270%200%20950%20716%27%3E%3Crect%20width%3D%27950%27%20height%3D%27716%27%20fill-opacity%3D%220%22%2F%3E%3C%2Fsvg%3E\" data-srcset=\"https:\/\/www.sluchatko.com\/files\/uploads\/2022\/07\/tem_22_01-200x151.png 200w, https:\/\/www.sluchatko.com\/files\/uploads\/2022\/07\/tem_22_01-400x301.png 400w, https:\/\/www.sluchatko.com\/files\/uploads\/2022\/07\/tem_22_01-600x452.png 600w, https:\/\/www.sluchatko.com\/files\/uploads\/2022\/07\/tem_22_01-800x603.png 800w, https:\/\/www.sluchatko.com\/files\/uploads\/2022\/07\/tem_22_01.png 950w\" data-sizes=\"auto\" data-orig-sizes=\"(max-width: 640px) 100vw, 950px\" \/><\/span><\/div><div ><span class=\" fusion-imageframe imageframe-none imageframe-3 hover-type-none\"><img decoding=\"async\" width=\"763\" height=\"431\" title=\"team\" src=\"https:\/\/www.sluchatko.com\/files\/uploads\/2024\/02\/team.jpg\" data-orig-src=\"https:\/\/www.sluchatko.com\/files\/uploads\/2024\/02\/team.jpg\" alt class=\"lazyload img-responsive wp-image-793\" srcset=\"data:image\/svg+xml,%3Csvg%20xmlns%3D%27http%3A%2F%2Fwww.w3.org%2F2000%2Fsvg%27%20width%3D%27763%27%20height%3D%27431%27%20viewBox%3D%270%200%20763%20431%27%3E%3Crect%20width%3D%27763%27%20height%3D%27431%27%20fill-opacity%3D%220%22%2F%3E%3C%2Fsvg%3E\" data-srcset=\"https:\/\/www.sluchatko.com\/files\/uploads\/2024\/02\/team-200x113.jpg 200w, https:\/\/www.sluchatko.com\/files\/uploads\/2024\/02\/team-400x226.jpg 400w, https:\/\/www.sluchatko.com\/files\/uploads\/2024\/02\/team-600x339.jpg 600w, https:\/\/www.sluchatko.com\/files\/uploads\/2024\/02\/team.jpg 763w\" data-sizes=\"auto\" data-orig-sizes=\"(max-width: 640px) 100vw, 763px\" \/><\/span><\/div><div ><span class=\" fusion-imageframe imageframe-none imageframe-4 hover-type-none\"><img decoding=\"async\" width=\"2560\" height=\"1440\" title=\"IMG_20190714_152619\" src=\"https:\/\/www.sluchatko.com\/files\/uploads\/2024\/02\/IMG_20190714_152619-scaled.jpg\" data-orig-src=\"https:\/\/www.sluchatko.com\/files\/uploads\/2024\/02\/IMG_20190714_152619-scaled.jpg\" alt class=\"lazyload img-responsive wp-image-792\" srcset=\"data:image\/svg+xml,%3Csvg%20xmlns%3D%27http%3A%2F%2Fwww.w3.org%2F2000%2Fsvg%27%20width%3D%272560%27%20height%3D%271440%27%20viewBox%3D%270%200%202560%201440%27%3E%3Crect%20width%3D%272560%27%20height%3D%271440%27%20fill-opacity%3D%220%22%2F%3E%3C%2Fsvg%3E\" data-srcset=\"https:\/\/www.sluchatko.com\/files\/uploads\/2024\/02\/IMG_20190714_152619-200x113.jpg 200w, https:\/\/www.sluchatko.com\/files\/uploads\/2024\/02\/IMG_20190714_152619-400x225.jpg 400w, https:\/\/www.sluchatko.com\/files\/uploads\/2024\/02\/IMG_20190714_152619-600x338.jpg 600w, https:\/\/www.sluchatko.com\/files\/uploads\/2024\/02\/IMG_20190714_152619-800x450.jpg 800w, https:\/\/www.sluchatko.com\/files\/uploads\/2024\/02\/IMG_20190714_152619-1200x675.jpg 1200w, https:\/\/www.sluchatko.com\/files\/uploads\/2024\/02\/IMG_20190714_152619-scaled.jpg 2560w\" data-sizes=\"auto\" data-orig-sizes=\"(max-width: 640px) 100vw, 1200px\" \/><\/span><\/div><\/div><style type=\"text\/css\">.fusion-body .fusion-builder-column-0{width:100% !important;margin-top : 0px;margin-bottom : 0px;}.fusion-builder-column-0 > .fusion-column-wrapper {padding-top : 0px !important;padding-right : 0px !important;margin-right : 1.92%;padding-bottom : 0px !important;padding-left : 0px !important;margin-left : 1.92%;}@media only screen and (max-width:1024px) {.fusion-body .fusion-builder-column-0{width:100% !important;}.fusion-builder-column-0 > .fusion-column-wrapper {margin-right : 1.92%;margin-left : 1.92%;}}@media only screen and (max-width:640px) {.fusion-body .fusion-builder-column-0{width:100% !important;}.fusion-builder-column-0 > .fusion-column-wrapper {margin-right : 1.92%;margin-left : 1.92%;}}<\/style><\/div><\/div><style type=\"text\/css\">.fusion-body .fusion-flex-container.fusion-builder-row-1{ padding-top : 0px;margin-top : 0px;padding-right : 0px;padding-bottom : 0px;margin-bottom : 0px;padding-left : 0px;}<\/style><\/div>\n","protected":false},"excerpt":{"rendered":"","protected":false},"author":1,"featured_media":0,"parent":0,"menu_order":3,"comment_status":"closed","ping_status":"closed","template":"","meta":{"inline_featured_image":false,"footnotes":""},"class_list":["post-35","page","type-page","status-publish","hentry"],"_links":{"self":[{"href":"https:\/\/www.sluchatko.com\/index.php?rest_route=\/wp\/v2\/pages\/35","targetHints":{"allow":["GET"]}}],"collection":[{"href":"https:\/\/www.sluchatko.com\/index.php?rest_route=\/wp\/v2\/pages"}],"about":[{"href":"https:\/\/www.sluchatko.com\/index.php?rest_route=\/wp\/v2\/types\/page"}],"author":[{"embeddable":true,"href":"https:\/\/www.sluchatko.com\/index.php?rest_route=\/wp\/v2\/users\/1"}],"replies":[{"embeddable":true,"href":"https:\/\/www.sluchatko.com\/index.php?rest_route=%2Fwp%2Fv2%2Fcomments&post=35"}],"version-history":[{"count":26,"href":"https:\/\/www.sluchatko.com\/index.php?rest_route=\/wp\/v2\/pages\/35\/revisions"}],"predecessor-version":[{"id":1002,"href":"https:\/\/www.sluchatko.com\/index.php?rest_route=\/wp\/v2\/pages\/35\/revisions\/1002"}],"wp:attachment":[{"href":"https:\/\/www.sluchatko.com\/index.php?rest_route=%2Fwp%2Fv2%2Fmedia&parent=35"}],"curies":[{"name":"wp","href":"https:\/\/api.w.org\/{rel}","templated":true}]}}